{"id":27905,"date":"2024-04-04T11:41:10","date_gmt":"2024-04-04T15:41:10","guid":{"rendered":"https:\/\/oncourage.org\/?page_id=27905"},"modified":"2024-04-04T12:05:52","modified_gmt":"2024-04-04T16:05:52","slug":"navigating-cancer-treatment","status":"publish","type":"page","link":"https:\/\/oncourage.org\/fr\/navigating-cancer-treatment\/","title":{"rendered":"Navigating cancer treatment options"},"content":{"rendered":"<h2>\n\t\tExplorer les options de traitement du cancer\n\t<\/h2>\n\t<p>A cancer diagnosis can be overwhelming and isolating. There are a multitude of treatment options and decisions to be made. Navigating this journey requires understanding, support, and informed decision-making. In this blog post, we&#8217;ll explore strategies for navigating cancer treatment options, empowering patients and their supporters to make confident choices on the path to healing and wellness.<\/p>\n<p>La connaissance, c\u2019est le pouvoir lorsqu\u2019il s\u2019agit de traiter le cancer. Prenez le temps d\u2019effectuer des recherches sur votre diagnostic, les options de traitement et les effets secondaires potentiels. Des sources fiables telles que des sites Web m\u00e9dicaux r\u00e9put\u00e9s, des organisations de d\u00e9fense des patients et des professionnels de la sant\u00e9, comme le Centre de bien- \u00eatre de l\u2019Ouest de l\u2019 \u00cele , peuvent fournir des informations pr\u00e9cieuses pour vous aider \u00e0 comprendre vos options et \u00e0 prendre des d\u00e9cisions \u00e9clair\u00e9es.<\/p>\n<p>Le maintien de la qualit\u00e9 de vie est primordial tout au long du traitement du cancer. R\u00e9fl\u00e9chissez \u00e0 la fa\u00e7on dont diff\u00e9rentes options de traitement peuvent avoir une incidence sur votre vie quotidienne, y compris le bien-\u00eatre physique, la sant\u00e9 \u00e9motionnelle et les relations sociales. Communiquez ouvertement avec votre \u00e9quipe de soins de sant\u00e9 au sujet de vos pr\u00e9occupations et de vos pr\u00e9f\u00e9rences, en veillant \u00e0 ce que votre plan de traitement soit non seulement efficace, mais aussi propice \u00e0 votre bien-\u00eatre g\u00e9n\u00e9ral.<\/p>\n<p>Lean on your support network for encouragement and assistance. Whether it&#8217;s family, friends, support groups, or mental health professionals, surrounding yourself with a supportive community can provide invaluable emotional support and practical help throughout your journey. <a href=\"https:\/\/oncourage.org\/fr\/\">OnCourage<\/a> is an online tool designed to help patients leverage their support network in one click.<\/p>\n<p>Navigating cancer treatment options is a multifaceted journey that requires patience, resilience, and collaboration. Remember, you&#8217;re not alone on this journey &#8211; your healthcare team, loved ones, and support network are here to guide and support you every step of the way.<\/p>","protected":false},"excerpt":{"rendered":"<p>Navigating Cancer Treatment A cancer diagnosis can be overwhelming and isolating. There are a multitude of treatment options and decisions to be made. Navigating this&hellip;<\/p>","protected":false},"author":119,"featured_media":0,"parent":0,"menu_order":0,"comment_status":"closed","ping_status":"closed","template":"","meta":{"_acf_changed":false,"pmpro_default_level":"","footnotes":""},"class_list":["post-27905","page","type-page","status-publish","hentry","pmpro-has-access"],"acf":[],"_links":{"self":[{"href":"https:\/\/oncourage.org\/fr\/wp-json\/wp\/v2\/pages\/27905","targetHints":{"allow":["GET"]}}],"collection":[{"href":"https:\/\/oncourage.org\/fr\/wp-json\/wp\/v2\/pages"}],"about":[{"href":"https:\/\/oncourage.org\/fr\/wp-json\/wp\/v2\/types\/page"}],"author":[{"embeddable":true,"href":"https:\/\/oncourage.org\/fr\/wp-json\/wp\/v2\/users\/119"}],"replies":[{"embeddable":true,"href":"https:\/\/oncourage.org\/fr\/wp-json\/wp\/v2\/comments?post=27905"}],"version-history":[{"count":4,"href":"https:\/\/oncourage.org\/fr\/wp-json\/wp\/v2\/pages\/27905\/revisions"}],"predecessor-version":[{"id":27912,"href":"https:\/\/oncourage.org\/fr\/wp-json\/wp\/v2\/pages\/27905\/revisions\/27912"}],"wp:attachment":[{"href":"https:\/\/oncourage.org\/fr\/wp-json\/wp\/v2\/media?parent=27905"}],"curies":[{"name":"wp","href":"https:\/\/api.w.org\/{rel}","templated":true}]}}