{"id":27895,"date":"2024-03-12T11:07:31","date_gmt":"2024-03-12T15:07:31","guid":{"rendered":"https:\/\/oncourage.org\/?page_id=27895"},"modified":"2024-03-12T11:07:31","modified_gmt":"2024-03-12T15:07:31","slug":"nourishing-hope-the-role-of-nutrition-in-cancer-care","status":"publish","type":"page","link":"https:\/\/oncourage.org\/fr\/nourishing-hope-the-role-of-nutrition-in-cancer-care\/","title":{"rendered":"Nourrir l\u2019espoir : le r\u00f4le de la nutrition dans les soins contre le cancer"},"content":{"rendered":"<h2 class=\"wp-block-heading\"><strong>Nourrir l\u2019espoir : le r\u00f4le de la nutrition dans les soins contre le cancer<\/strong><\/h2>\n\n\n\n<p>Alors que nous continuons de progresser dans la recherche m\u00e9dicale et les options de traitement, l\u2019importance de la nutrition dans les soins anticanc\u00e9reux ne peut pas \u00eatre surestim\u00e9e. Il est complexe de comprendre la relation entre l'alimentation et le cancer, mais de nouvelles preuves sugg\u00e8rent qu'une approche nutritionnelle bien \u00e9quilibr\u00e9e et adapt\u00e9e peut \u00eatre d'une grande aide pour soutenir les patients pendant leur parcours de cancer. Dans cet article, nous nous penchons sur l\u2019importance de la nutrition dans les soins anticanc\u00e9reux et explorons des fa\u00e7ons d\u2019optimiser les choix alimentaires pour am\u00e9liorer le bien-\u00eatre g\u00e9n\u00e9ral.<\/p>\n\n\n\n<p><strong>D\u00e9fis nutritionnels pendant le traitement du cancer :<\/strong><\/p>\n\n\n\n<p>Le traitement du cancer, y compris la chimioth\u00e9rapie, la radioth\u00e9rapie et la chirurgie, entra\u00eene souvent une foule d\u2019effets secondaires qui peuvent avoir une incidence sur l\u2019\u00e9tat nutritionnel du patient. Les naus\u00e9es, la perte d\u2019app\u00e9tit, la fatigue et les changements de go\u00fbt et d\u2019odeur sont des d\u00e9fis courants auxquels les patients atteints de cancer sont confront\u00e9s, ce qui les rend difficiles \u00e0 maintenir une nutrition ad\u00e9quate. Cependant, relever ces d\u00e9fis gr\u00e2ce \u00e0 des strat\u00e9gies alimentaires appropri\u00e9es peut contribuer \u00e0 am\u00e9liorer les r\u00e9sultats du traitement et \u00e0 am\u00e9liorer la qualit\u00e9 de vie.<\/p>\n\n\n\n<p><strong>Principaux nutriments pour les patients atteints de cancer :<\/strong><\/p>\n\n\n\n<p><strong>1. Prot\u00e9ines :<\/strong> Essentielles \u00e0 la r\u00e9paration des tissus et \u00e0 la fonction immunitaire, les prot\u00e9ines sont un \u00e9l\u00e9ment essentiel de l\u2019alimentation des patients atteints de cancer. Les sources de prot\u00e9ines maigres comprennent la volaille, le poisson, le tofu, les haricots et les produits laitiers.<\/p>\n\n\n\n<p><strong>2. Antioxydants :<\/strong> Les fruits et l\u00e9gumes sont riches en antioxydants, qui aident \u00e0 combattre le stress oxydatif et l\u2019inflammation. Les baies, les l\u00e9gumes-feuilles et les l\u00e9gumes color\u00e9s doivent \u00eatre incorpor\u00e9s pour soutenir la sant\u00e9 globale.<\/p>\n\n\n\n<p><strong>3. Acides gras om\u00e9ga-3 :<\/strong> Pr\u00e9sents dans les poissons gras, les graines de lin et les noix, les acides gras om\u00e9ga-3 ont des propri\u00e9t\u00e9s anti-inflammatoires qui peuvent aider \u00e0 g\u00e9rer l\u2019inflammation li\u00e9e au cancer.<\/p>\n\n\n\n<p><strong>4. Fibres :<\/strong> Les grains entiers, les l\u00e9gumineuses et les l\u00e9gumes fournissent des fibres, favorisent la sant\u00e9 digestive et aident \u00e0 g\u00e9rer la constipation, un effet secondaire courant des traitements contre le cancer.<\/p>\n\n\n\n<p><strong>5. Hydratation<\/strong> Rester bien hydrat\u00e9 est essentiel pour les patients atteints de cancer, surtout pendant les traitements. L\u2019eau, les tisanes et les boissons riches en \u00e9lectrolytes favorisent l\u2019hydratation et aident \u00e0 g\u00e9rer la d\u00e9shydratation potentielle.<\/p>\n\n\n\n<p><strong>Plans de nutrition personnalis\u00e9s :<\/strong><\/p>\n\n\n\n<p>Les besoins nutritionnels de chaque patient canc\u00e9reux sont uniques, en fonction de facteurs tels que le type de cancer, le r\u00e9gime de traitement et la sant\u00e9 globale. Collaborer avec un di\u00e9t\u00e9ticien ou un nutritionniste peut aider \u00e0 cr\u00e9er un plan de nutrition personnalis\u00e9 adapt\u00e9 pour relever des d\u00e9fis sp\u00e9cifiques et promouvoir un bien-\u00eatre optimal.&nbsp;<\/p>\n\n\n\n<p>Au <a href=\"https:\/\/wicwc.com\">Centre de bien-\u00eatre de l\u2019Ouest-de-l\u2019\u00cele pour personnes atteintes de cancer<\/a>, nos <a href=\"https:\/\/wicwc.com\/about-wicwc\/professionals\/\">professionnels du bien-\u00eatre<\/a>, y compris des nutritionnistes, sont disponibles gratuitement pour tous les participants.<\/p>\n\n\n\n<p>Adopter le r\u00f4le de la nutrition dans les soins du cancer n'est pas seulement un choix di\u00e9t\u00e9tique ; c'est un pas en avant pour nourrir l'espoir et soutenir le voyage vers la gu\u00e9rison.<\/p>","protected":false},"excerpt":{"rendered":"<p>Nourishing Hope: The Role of Nutrition in Cancer Care As we continue to advance in medical research and treatment options, the significance of nutrition in&hellip;<\/p>","protected":false},"author":119,"featured_media":0,"parent":0,"menu_order":0,"comment_status":"closed","ping_status":"closed","template":"","meta":{"_acf_changed":false,"pmpro_default_level":"","footnotes":""},"class_list":["post-27895","page","type-page","status-publish","hentry","pmpro-has-access"],"acf":[],"_links":{"self":[{"href":"https:\/\/oncourage.org\/fr\/wp-json\/wp\/v2\/pages\/27895","targetHints":{"allow":["GET"]}}],"collection":[{"href":"https:\/\/oncourage.org\/fr\/wp-json\/wp\/v2\/pages"}],"about":[{"href":"https:\/\/oncourage.org\/fr\/wp-json\/wp\/v2\/types\/page"}],"author":[{"embeddable":true,"href":"https:\/\/oncourage.org\/fr\/wp-json\/wp\/v2\/users\/119"}],"replies":[{"embeddable":true,"href":"https:\/\/oncourage.org\/fr\/wp-json\/wp\/v2\/comments?post=27895"}],"version-history":[{"count":1,"href":"https:\/\/oncourage.org\/fr\/wp-json\/wp\/v2\/pages\/27895\/revisions"}],"predecessor-version":[{"id":27896,"href":"https:\/\/oncourage.org\/fr\/wp-json\/wp\/v2\/pages\/27895\/revisions\/27896"}],"wp:attachment":[{"href":"https:\/\/oncourage.org\/fr\/wp-json\/wp\/v2\/media?parent=27895"}],"curies":[{"name":"wp","href":"https:\/\/api.w.org\/{rel}","templated":true}]}}