{"id":27890,"date":"2024-03-12T11:03:09","date_gmt":"2024-03-12T15:03:09","guid":{"rendered":"https:\/\/oncourage.org\/?page_id=27890"},"modified":"2024-03-12T11:04:33","modified_gmt":"2024-03-12T15:04:33","slug":"oncourage-bringing-unity-to-a-community-of-support-to-cancer-warriors","status":"publish","type":"page","link":"https:\/\/oncourage.org\/fr\/oncourage-bringing-unity-to-a-community-of-support-to-cancer-warriors\/","title":{"rendered":"OnCourage : Apporter l'unit\u00e9 \u00e0 une communaut\u00e9 de soutien aux guerriers du cancer"},"content":{"rendered":"<h2 class=\"wp-block-heading\">OnCourage : Apporter l'unit\u00e9 \u00e0 une communaut\u00e9 de soutien aux guerriers du cancer<\/h2>\n\n\n\n<p>Face \u00e0 un diagnostic de cancer, l\u2019importance d\u2019une communaut\u00e9 de soutien ne peut pas \u00eatre surestim\u00e9e. <a href=\"http:\/\/oncourage.org\/fr\/\">OnCourage<\/a> est une plateforme con\u00e7ue exclusivement pour les patients atteints de cancer, favorisant l\u2019unit\u00e9 et la force au sein de leur communaut\u00e9. Ce service gratuit* assure un abri s\u00fbr pour les personnes luttant contre le cancer, leur permettant de se connecter, de partager leurs exp\u00e9riences et de puiser dans leur communaut\u00e9.<\/p>\n\n\n\n<p>Imaginez un espace o\u00f9 les mots d\u2019encouragement, o\u00f9 le parcours peut \u00eatre partag\u00e9 avec la famille et les amis et o\u00f9 l\u2019aide \u00e0 la planification est \u00e0 port\u00e9e de clic. <a href=\"http:\/\/oncourage.org\/fr\/\">OnCourage<\/a>, cr\u00e9\u00e9 par le <a href=\"http:\/\/wicwc.org\">Centre de bien-\u00eatre de l\u2019Ouest-de-l\u2019\u00cele pour personnes atteintes de cancer<\/a> (WICWC),a pour objectif d'unir la famille et les amis, quelle que soit leur distance, en cr\u00e9ant et en construisant une communaut\u00e9 de soutien plus solide. C\u2019est un site d\u00e9di\u00e9 \u00e0 rendre l\u2019exp\u00e9rience du cancer un peu plus facile. Il vous permet de cr\u00e9er une page Web priv\u00e9e personnalis\u00e9e o\u00f9 les membres de votre famille et vos amis peuvent se rassembler virtuellement pour des mises \u00e0 jour, partager des histoires et vous soutenir, vous ou un membre de votre famille qui a re\u00e7u un diagnostic de cancer.&nbsp;<\/p>\n\n\n\n<p>OnCourage est facile \u00e0 utiliser. De plus, une page OnCourage offre aux utilisateurs la possibilit\u00e9 de devenir un participant du <a href=\"http:\/\/wicwc.org\">WICWC<\/a> en acc\u00e9dant \u00e0 l\u2019information, aux ressources, aux programmes (en personne ou virtuels) et au soutien gratuitement.  Rejoignez <a href=\"http:\/\/oncourage.org\/fr\/\">OnCourage<\/a> aujourd\u2019hui et faites partie de quelque chose de vraiment extraordinaire.<\/p>","protected":false},"excerpt":{"rendered":"<p>OnCourage: Bringing Unity to a Community of Support to Cancer Warriors In the face of a cancer diagnosis, the importance of a supportive community cannot&hellip;<\/p>","protected":false},"author":119,"featured_media":0,"parent":0,"menu_order":0,"comment_status":"closed","ping_status":"closed","template":"","meta":{"_acf_changed":false,"pmpro_default_level":"","footnotes":""},"class_list":["post-27890","page","type-page","status-publish","hentry","pmpro-has-access"],"acf":[],"_links":{"self":[{"href":"https:\/\/oncourage.org\/fr\/wp-json\/wp\/v2\/pages\/27890","targetHints":{"allow":["GET"]}}],"collection":[{"href":"https:\/\/oncourage.org\/fr\/wp-json\/wp\/v2\/pages"}],"about":[{"href":"https:\/\/oncourage.org\/fr\/wp-json\/wp\/v2\/types\/page"}],"author":[{"embeddable":true,"href":"https:\/\/oncourage.org\/fr\/wp-json\/wp\/v2\/users\/119"}],"replies":[{"embeddable":true,"href":"https:\/\/oncourage.org\/fr\/wp-json\/wp\/v2\/comments?post=27890"}],"version-history":[{"count":3,"href":"https:\/\/oncourage.org\/fr\/wp-json\/wp\/v2\/pages\/27890\/revisions"}],"predecessor-version":[{"id":27893,"href":"https:\/\/oncourage.org\/fr\/wp-json\/wp\/v2\/pages\/27890\/revisions\/27893"}],"wp:attachment":[{"href":"https:\/\/oncourage.org\/fr\/wp-json\/wp\/v2\/media?parent=27890"}],"curies":[{"name":"wp","href":"https:\/\/api.w.org\/{rel}","templated":true}]}}