{"id":27882,"date":"2024-03-12T11:05:25","date_gmt":"2024-03-12T15:05:25","guid":{"rendered":"https:\/\/oncourage.org\/?page_id=27882"},"modified":"2024-04-04T12:05:35","modified_gmt":"2024-04-04T16:05:35","slug":"blog","status":"publish","type":"page","link":"https:\/\/oncourage.org\/fr\/blog\/","title":{"rendered":"Blog"},"content":{"rendered":"<h2>\n\t\tBienvenue sur le blog d'OnCourage, d\u00e9couvrez nos articles de blog ci-dessous\n\t<\/h2>\n\t\t\t\t<a href=\"https:\/\/oncourage.org\/fr\/oncourage-bringing-unity-to-a-community-of-support-to-cancer-warriors\/\" target=\"_blank\" rel=\"noopener\" itemprop=\"url\">\n\t\t\t\t<img loading=\"lazy\" decoding=\"async\" src=\"https:\/\/oncourage.org\/wp-content\/uploads\/2024\/03\/OnCourage-Stock-photo.png\" alt=\"OnCourage Stock photo\" itemprop=\"image\" height=\"1350\" width=\"1080\" title=\"OnCourage Stock photo\" onerror=\"this.style.display='none'\"  \/>\n\t\t\t\t<\/a>\n<h2>\n\t\t<a href=\"https:\/\/oncourage.org\/fr\/oncourage-bringing-unity-to-a-community-of-support-to-cancer-warriors\/\" title=\"OnCourage : Apporter l&#039;unit\u00e9 \u00e0 une communaut\u00e9 de soutien aux guerriers du cancer\" target=\"_blank\" rel=\"noopener\">\n\t\tOnCourage : Apporter l'unit\u00e9 \u00e0 une communaut\u00e9 de soutien aux guerriers du cancer\n\t\t<\/a>\n\t<\/h2>\n\t\t\t\t<a href=\"https:\/\/oncourage.org\/fr\/nourishing-hope-the-role-of-nutrition-in-cancer-care\/\" target=\"_blank\" rel=\"noopener\" itemprop=\"url\">\n\t\t\t\t<img loading=\"lazy\" decoding=\"async\" src=\"https:\/\/oncourage.org\/wp-content\/uploads\/2024\/03\/Nutrition.png\" alt=\"Nutrition\" itemprop=\"image\" height=\"1350\" width=\"1080\" title=\"Nutrition\" onerror=\"this.style.display='none'\"  \/>\n\t\t\t\t<\/a>\n<h2>\n\t\t<a href=\"https:\/\/oncourage.org\/fr\/nourishing-hope-the-role-of-nutrition-in-cancer-care\/\" title=\"Nourrir l\u2019espoir : le r\u00f4le de la nutrition dans les soins contre le cancer\" target=\"_blank\" rel=\"noopener\">\n\t\tNourrir l\u2019espoir : le r\u00f4le de la nutrition dans les soins contre le cancer\n\t\t<\/a>\n\t<\/h2>\n\t\t\t\t<a href=\"https:\/\/oncourage.org\/fr\/navigating-cancer-treatment\/\" target=\"_blank\" rel=\"noopener\" itemprop=\"url\">\n\t\t\t\t<img loading=\"lazy\" decoding=\"async\" src=\"https:\/\/oncourage.org\/wp-content\/uploads\/2024\/04\/Navigation-Treatment.png\" alt=\"Navigation Treatment\" itemprop=\"image\" height=\"1350\" width=\"1080\" title=\"Navigation Treatment\" onerror=\"this.style.display='none'\"  \/>\n\t\t\t\t<\/a>\n<h2>\n\t\t<a href=\"https:\/\/oncourage.org\/fr\/navigating-cancer-treatment\/\" title=\"Explorer les options de traitement du cancer\" target=\"_blank\" rel=\"noopener\">\n\t\tExplorer les options de traitement du cancer\n\t\t<\/a>\n\t<\/h2>","protected":false},"excerpt":{"rendered":"<p>Welcome to the OnCourage Blog, discover our Blog entries below OnCourage: Bringing Unity to a Community of Support to Cancer Warriors Nourishing Hope: The Role&hellip;<\/p>","protected":false},"author":119,"featured_media":0,"parent":0,"menu_order":0,"comment_status":"closed","ping_status":"closed","template":"","meta":{"_acf_changed":false,"pmpro_default_level":"","footnotes":""},"class_list":["post-27882","page","type-page","status-publish","hentry","pmpro-has-access"],"acf":[],"_links":{"self":[{"href":"https:\/\/oncourage.org\/fr\/wp-json\/wp\/v2\/pages\/27882","targetHints":{"allow":["GET"]}}],"collection":[{"href":"https:\/\/oncourage.org\/fr\/wp-json\/wp\/v2\/pages"}],"about":[{"href":"https:\/\/oncourage.org\/fr\/wp-json\/wp\/v2\/types\/page"}],"author":[{"embeddable":true,"href":"https:\/\/oncourage.org\/fr\/wp-json\/wp\/v2\/users\/119"}],"replies":[{"embeddable":true,"href":"https:\/\/oncourage.org\/fr\/wp-json\/wp\/v2\/comments?post=27882"}],"version-history":[{"count":9,"href":"https:\/\/oncourage.org\/fr\/wp-json\/wp\/v2\/pages\/27882\/revisions"}],"predecessor-version":[{"id":27911,"href":"https:\/\/oncourage.org\/fr\/wp-json\/wp\/v2\/pages\/27882\/revisions\/27911"}],"wp:attachment":[{"href":"https:\/\/oncourage.org\/fr\/wp-json\/wp\/v2\/media?parent=27882"}],"curies":[{"name":"wp","href":"https:\/\/api.w.org\/{rel}","templated":true}]}}