{"id":27093,"date":"2022-01-21T15:22:07","date_gmt":"2022-01-21T20:22:07","guid":{"rendered":"https:\/\/oncourage.org\/?page_id=27093"},"modified":"2022-02-03T05:22:22","modified_gmt":"2022-02-03T10:22:22","slug":"devenir-un-partisan","status":"publish","type":"page","link":"https:\/\/oncourage.org\/fr\/how-to-become-a-supporter\/","title":{"rendered":"How to become a supporter"},"content":{"rendered":"<img decoding=\"async\" src=\"https:\/\/oncourage.org\/wp-content\/uploads\/2021\/10\/WICWC-oncourage-logo.jpg\" alt=\"WICWC-oncourage-logo\" itemprop=\"image\" title=\"WICWC-oncourage-logo\" onerror=\"this.style.display='none'\"  \/>\n\t<p><img alt=\"\" \/><strong>OnCourage<\/strong> is a site dedicated to making the cancer experience, a little easier. This site allows family and friends to &#8220;gather&#8221; and get updated, share stories, and show support for the person diagnosed with cancer.<\/p>\n<p>Selon la Soci\u00e9t\u00e9 canadienne du cancer, 225 800 personnes re\u00e7oivent un diagnostic de cancer chaque ann\u00e9e au Canada seulement. Ce que toutes ces personnes ont en commun, c'est que <strong>le cancer chambarde une vie et la complique.<\/strong>.<\/p>\n<p><strong>OnCourage vous simplifie la vie !<\/strong> Instead of calling, emailing or texting updates to multiple people daily, the site is used as the hub of information. All family and friends who are invited to the site will get a real-time update and will be able to share thoughts, stories, and pictures. OnCourage is also a place where friends and family can &#8220;sign up&#8221; to do specific tasks that the administrator has requested. For example, drives to treatment, groceries, dinner preparation, etc. There is also a place directly on the site where friends and family can purchase and send gifts to express their support.<\/p>\n\t<p><img alt=\"\" \/><strong>OPPORTUNIT\u00c9 de publicit\u00e9 :<\/strong><\/p>\n<ul>\n<li>100 % des fonds recueillis par la publicit\u00e9 sur ce site profiteront directement aux personnes atteintes du cancer. Ces fonds seront investis dans les op\u00e9rations du site et du Centre de bien-\u00eatre de l'Ouest-de-l'\u00cele pour personnes atteintes de cancer (WICWC).<\/li>\n<li>Vous pouvez profiter de cette occasion pour ajouter ce montant dans le cadre de votre campagne publicitaire.\n<ul>\n<li>Le WICWC vous fournira une lettre de parrainage.<\/li>\n<\/ul>\n<\/li>\n<li>Pour seulement <strong>$1000<\/strong> par an, vous obtiendrez:\n<ul>\n<li><strong>Une grande port\u00e9e et une couverture accrue.<\/strong>\n<ul>\n<li>Au cours des trois premi\u00e8res ann\u00e9es, nous investirons des milliers de dollars dans pour faire la promotion de ce site.<\/li>\n<\/ul>\n<\/li>\n<li>Your company logo will be on the sites&#8217; landing page and on the Wellness Gifts page or Resource page (depending on your company&#8217;s product).<\/li>\n<li>Votre logo sera li\u00e9 \u00e0 notre site web de sorte que nos utilisateurs pourront se procurer vos produits et services.<\/li>\n<li>Your company will be promoted on our social media with the site&#8217;s launch (the launch date is estimated to be early 2022).<\/li>\n<li>Le soutien de votre entreprise sera mentionn\u00e9 dans notre rapport annuel.<\/li>\n<li><u><strong>Vos employ\u00e9s sauront que vous avez soutenu une Cause Admirable.<\/strong><\/u><\/li>\n<\/ul>\n<\/li>\n<\/ul>\nPour plus d\u2019informations, veuillez communiquer avec : <br>Maggie \u00e0 oncourage@wicwc.org<br \/>\nou au 514 695-9355\n\t\t\t<h5>Centre de bien-\u00eatre de l&#8217;Ouest-de-l&#8217;\u00cele pour personnes atteintes de cancer<\/h5><h6>Centre de bien-\u00eatre de l\u2019Ouest-de-l\u2019\u00cele pour personnes atteintes de cancer<\/h6>\t\t\t\n\t\t\t<h5>115 rue Du Barry, Kirkland (Qu\u00e9bec)  H9H 0C4<\/h5>\t\t\t\n\t\t\t\t<p>T (514)695-9355\u00a0 \u00a0 \u00a0 \u00a0F (514)695-9315\u00a0 \u00a0 \u00a0 \u00a0info@wicwc.org<\/p>\n\t\t\t\t<img loading=\"lazy\" decoding=\"async\" src=\"https:\/\/oncourage.org\/wp-content\/uploads\/2022\/01\/wicwc-org-tree-logo.png\" alt=\"wicwc-org-tree-logo\" itemprop=\"image\" height=\"117\" width=\"115\" title=\"wicwc-org-tree-logo\" onerror=\"this.style.display='none'\"  \/>","protected":false},"excerpt":{"rendered":"<p>OnCourage is a site dedicated to making the cancer experience, a little easier. This site allows family and friends to &#8220;gather&#8221; and get updated, share&hellip;<\/p>","protected":false},"author":1,"featured_media":0,"parent":0,"menu_order":0,"comment_status":"closed","ping_status":"closed","template":"","meta":{"_acf_changed":false,"pmpro_default_level":"","footnotes":""},"class_list":["post-27093","page","type-page","status-publish","hentry","pmpro-has-access"],"acf":[],"_links":{"self":[{"href":"https:\/\/oncourage.org\/fr\/wp-json\/wp\/v2\/pages\/27093","targetHints":{"allow":["GET"]}}],"collection":[{"href":"https:\/\/oncourage.org\/fr\/wp-json\/wp\/v2\/pages"}],"about":[{"href":"https:\/\/oncourage.org\/fr\/wp-json\/wp\/v2\/types\/page"}],"author":[{"embeddable":true,"href":"https:\/\/oncourage.org\/fr\/wp-json\/wp\/v2\/users\/1"}],"replies":[{"embeddable":true,"href":"https:\/\/oncourage.org\/fr\/wp-json\/wp\/v2\/comments?post=27093"}],"version-history":[{"count":22,"href":"https:\/\/oncourage.org\/fr\/wp-json\/wp\/v2\/pages\/27093\/revisions"}],"predecessor-version":[{"id":27234,"href":"https:\/\/oncourage.org\/fr\/wp-json\/wp\/v2\/pages\/27093\/revisions\/27234"}],"wp:attachment":[{"href":"https:\/\/oncourage.org\/fr\/wp-json\/wp\/v2\/media?parent=27093"}],"curies":[{"name":"wp","href":"https:\/\/api.w.org\/{rel}","templated":true}]}}