{"id":2,"date":"2021-10-05T16:35:49","date_gmt":"2021-10-05T16:35:49","guid":{"rendered":"https:\/\/oncourage.org\/?page_id=2"},"modified":"2026-03-10T15:32:31","modified_gmt":"2026-03-10T19:32:31","slug":"sample-page","status":"publish","type":"page","link":"https:\/\/oncourage.org\/fr\/","title":{"rendered":"Home"},"content":{"rendered":"<iframe loading=\"lazy\" width=\"560\" height=\"315\" src=\"https:\/\/www.youtube.com\/embed\/qVRN334rcZk?playlist=qVRN334rcZk&#038;loop=1&#038;controls=1&#038;autoplay=1&#038;rel=0\" title=\"YouTube video player\" frameborder=\"0\" allow=\"accelerometer; autoplay; clipboard-write; encrypted-media; gyroscope; picture-in-picture; web-share\" allowfullscreen><\/iframe>\n\n\t<ul>\n\t\t<li>\t\t\t\t\n\t\t<h3>Start your page and&#8230;<\/h3><\/li>\t<\/ul>\n\t<ul>\n<li>Cr\u00e9ez votre page Web OnCourage personnelle et priv\u00e9e pour partager votre cheminement dans la lutte contre le cancer.<\/li>\n<li>Invitez des membres de votre famille ou des amis \u00e0 vous rejoindre et \u00e0 vous accompagner \u00e0 chaque \u00e9tape.<\/li>\n<li>Partagez facilement des mises \u00e0 jour, des photos et des histoires avec vos proches.<\/li>\n<li>Accessible sur n'importe quel appareil, \u00e0 tout moment, en tous lieux.<\/li>\n<\/ul>\n\t<ul>\n\t\t<li>\t\t\n\t\t\t\t<img decoding=\"async\" src=\"https:\/\/oncourage.org\/wp-content\/uploads\/2021\/10\/hands-icon.png\" alt=\"hands-icon\" title=\"hands-icon\" itemprop=\"image\"\/>\n\t\t<h3>On peut tous b\u00e9n\u00e9ficier d\u2019une \u00e9quipe de soutien en:<\/h3><\/li>\t<\/ul>\n\t<ul>\n<li>Let family and friends know that they can support you by&#8230;\n<ul>\n<li>vous accompagnant \u00e0 un rendez-vous<\/li>\n<li>faisant une commission<\/li>\n<li>aidant avec tout ce dont vous avez besoin<\/li>\n<\/ul>\n<\/li>\n<\/ul>\n<p>&#8211; all on your OnCourage page.<\/p>\n\t\t\t<a href=\"https:\/\/oncourage.org\/fr\/membership-account\/membership-levels\/\" title=\"D\u00e9marrer votre page\" target=\"_self\"   role=\"button\" aria-label=\"D\u00e9marrer votre page\">\n\t\t\t\t\t\t\tD\u00e9marrer votre page\n\t\t<\/a>\n\t<a href=\"https:\/\/wicwc.com\/fr\/a-propos-de-nous-2021\/\" target=\"_blank\" rel=\"noopener\" aria-label=\"Go to https:\/\/wicwc.com\/about-us-2021\/\"><\/a>\t\t\n\t\t\t\t<img decoding=\"async\" src=\"https:\/\/oncourage.org\/wp-content\/uploads\/2021\/10\/WICWC_logo_transparent.png\" alt=\"WICWC_logo_transparent\" title=\"WICWC_logo_transparent\" itemprop=\"image\"\/>\n\t\t\t\t<p><em>OnCourage<\/em> est une initiative du Centre de bien-\u00eatre de l\u2019Ouest-de-l\u2019\u00cele pour les personnes atteintes de cancer (WICWC). Le WICWC r\u00e9ponds aux besoins des personnes vivant avec le cancer. Il offre depuis de nombreuses ann\u00e9es un soutien, des informations et des services de compassion aux patients atteints de cancer et \u00e0 leurs familles. Pour plus d'informations sur le WICWC, cliquez sur le logo.<\/p>\n\t\t\t<h2>OnCourage existe gr\u00e2ce au g\u00e9n\u00e9reux soutien de notre donateur.<\/h2>\t\t\t\n\t\t\t\t<p>D\u00e9couvrez comment vous pouvez apporter votre soutien <a href=\"https:\/\/oncourage.org\/fr\/devenir-un-partisan\/\"><u>CLIQUEZ ICI.<\/u><\/a><\/p>\n<figure itemscope itemtype=\"https:\/\/schema.org\/ImageObject\">\n\t\t\t\t<img decoding=\"async\" src=\"https:\/\/oncourage.org\/wp-content\/uploads\/2023\/06\/R.-Howard-Webster-Foundation_logo-300x140.jpg\" alt=\"R. Howard Webster Foundation_logo\" height=\"140\" width=\"300\" title=\"R. Howard Webster Foundation_logo\" onerror=\"this.style.display='none'\" loading=\"lazy\" \/>\n\t<\/figure>","protected":false},"excerpt":{"rendered":"<p>Start your page and&#8230; Create your private personal OnCourage webpage to share your cancer journey. Invite family members or friends to join and be with&hellip;<\/p>","protected":false},"author":1,"featured_media":0,"parent":0,"menu_order":0,"comment_status":"closed","ping_status":"closed","template":"page-fullwidth-content.php","meta":{"_acf_changed":false,"pmpro_default_level":"","footnotes":""},"class_list":["post-2","page","type-page","status-publish","hentry","pmpro-has-access"],"acf":[],"_links":{"self":[{"href":"https:\/\/oncourage.org\/fr\/wp-json\/wp\/v2\/pages\/2","targetHints":{"allow":["GET"]}}],"collection":[{"href":"https:\/\/oncourage.org\/fr\/wp-json\/wp\/v2\/pages"}],"about":[{"href":"https:\/\/oncourage.org\/fr\/wp-json\/wp\/v2\/types\/page"}],"author":[{"embeddable":true,"href":"https:\/\/oncourage.org\/fr\/wp-json\/wp\/v2\/users\/1"}],"replies":[{"embeddable":true,"href":"https:\/\/oncourage.org\/fr\/wp-json\/wp\/v2\/comments?post=2"}],"version-history":[{"count":168,"href":"https:\/\/oncourage.org\/fr\/wp-json\/wp\/v2\/pages\/2\/revisions"}],"predecessor-version":[{"id":27986,"href":"https:\/\/oncourage.org\/fr\/wp-json\/wp\/v2\/pages\/2\/revisions\/27986"}],"wp:attachment":[{"href":"https:\/\/oncourage.org\/fr\/wp-json\/wp\/v2\/media?parent=2"}],"curies":[{"name":"wp","href":"https:\/\/api.w.org\/{rel}","templated":true}]}}