{"id":151,"date":"2021-10-15T18:59:42","date_gmt":"2021-10-15T22:59:42","guid":{"rendered":"https:\/\/oncourage.org\/?page_id=151"},"modified":"2025-03-05T13:19:16","modified_gmt":"2025-03-05T18:19:16","slug":"a-propos-de-nous","status":"publish","type":"page","link":"https:\/\/oncourage.org\/fr\/about-us\/","title":{"rendered":"About Us"},"content":{"rendered":"<h1>\n\t\t\u00c0 propos d'OnCourage\n\t<\/h1>\n\t<p>OnCourage a \u00e9t\u00e9 cr\u00e9\u00e9 pour aider \u00e0 rassembler la famille et les amis, quelle que soit la distance, afin de combler la distance, en cr\u00e9ant une solide communaut\u00e9 de soutien.<\/p>\n\t<p><strong>COMMENT ONCOURAGE EST N\u00c9<\/strong><\/p>\n\t<p>The idea for OnCourage was ignited by Helen&#8217;s cancer experience. Helen had a very aggressive cancer that took her and her only daughter by storm.<\/p>\n\t<p>With friends and family all over the country, keeping them regularly informed of Helen&#8217;s health status was difficult for her daughter.\u00a0 Both belonged to the West Island Cancer Wellness Centre (WICWC) and it was an honour to support them in other ways. However, we did not have the tools to help them with this part of their cancer journey. We believed this was a need for families experiencing cancer so set about creating OnCourage.<\/p>\n\t\t\t\t<img loading=\"lazy\" decoding=\"async\" src=\"https:\/\/oncourage.org\/wp-content\/uploads\/2021\/11\/Picture18.jpg\" alt=\"Picture18\" itemprop=\"image\" height=\"606\" width=\"937\" title=\"Picture18\" onerror=\"this.style.display='none'\"  \/>\n\t<p><strong>COMMENT \u00c7A FONCTIONNE <\/strong><\/p>\n\t<p>For as little as $5 you (as the &#8220;organizer&#8221;) and your family and friends can have access to this webpage for one full year.<\/p>\n<p>By sharing your journey your friends and family can visit your OnCourage page to &#8220;sign up&#8221; to help with specific tasks that you requested like drives to treatment, groceries, dinner preparation, etc., called &#8220;Rally for Support&#8221;. They can also buy gifts to show their support from the online Wellness Boutique.<\/p>\n<p><a href=\"https:\/\/oncourage.org\/fr\/\"><strong>Cliquez ici pour d\u00e9marrer votre page<\/strong><\/a><\/p>\n\t\t\t\t<img loading=\"lazy\" decoding=\"async\" src=\"https:\/\/oncourage.org\/wp-content\/uploads\/2021\/12\/WICWC-office-building.png\" alt=\"WICWC-office-building\" itemprop=\"image\" height=\"405\" width=\"607\" title=\"WICWC-office-building\" onerror=\"this.style.display='none'\"  \/>\n\t\t\t\t<img loading=\"lazy\" decoding=\"async\" src=\"https:\/\/oncourage.org\/wp-content\/uploads\/2021\/11\/Picture27.jpg\" alt=\"Picture27\" itemprop=\"image\" height=\"559\" width=\"845\" title=\"Picture27\" onerror=\"this.style.display='none'\"  \/>\n\t<p><strong>QU'EST-CE QUE C'EST ONCOURAGE ?<\/strong><\/p>\n\t<p>OnCourage is a website dedicated to making the cancer experience a little easier. It lets you create a customized, private webpage where family and friends can &#8220;gather&#8221; for updates, share stories, and support you or your family member diagnosed with cancer.<\/p>\n\t<p>OnCourage simplifie les choses ! En un seul endroit, vous pouvez publier des nouvelles et des mises \u00e0 jour pour les membres de la famille et les amis que vous avez invit\u00e9s \u00e0 rejoindre votre page. Ils recevront une mise \u00e0 jour en temps r\u00e9el et pourront partager leurs propres pens\u00e9es, histoires et images sur la page.<\/p>\n\t\t\t\t<img loading=\"lazy\" decoding=\"async\" src=\"https:\/\/oncourage.org\/wp-content\/uploads\/2021\/11\/Picture15-L.png\" alt=\"Picture15-L\" itemprop=\"image\" height=\"362\" width=\"547\" title=\"Picture15-L\" onerror=\"this.style.display='none'\"  \/>\n\t<p>Your OnCourage page provides you with the opportunity to become a WICWC Participant accessing information, resources, programs (inhouse or virtual) and support free of charge.<\/p>\n<p><a href=\"https:\/\/wicwc.com\/fr\/a-propos-de-nous-2021\/\">Cliquez ici pour en savoir plus sur le WICWC<\/a><\/p>","protected":false},"excerpt":{"rendered":"<p>About OnCourage OnCourage was created to help bring family and friends together, no matter how far away, in order to bridge distance by creating and&hellip;<\/p>","protected":false},"author":1,"featured_media":0,"parent":0,"menu_order":0,"comment_status":"closed","ping_status":"closed","template":"page-fullwidth-content.php","meta":{"_acf_changed":false,"pmpro_default_level":"","footnotes":""},"class_list":["post-151","page","type-page","status-publish","hentry","pmpro-has-access"],"acf":[],"_links":{"self":[{"href":"https:\/\/oncourage.org\/fr\/wp-json\/wp\/v2\/pages\/151","targetHints":{"allow":["GET"]}}],"collection":[{"href":"https:\/\/oncourage.org\/fr\/wp-json\/wp\/v2\/pages"}],"about":[{"href":"https:\/\/oncourage.org\/fr\/wp-json\/wp\/v2\/types\/page"}],"author":[{"embeddable":true,"href":"https:\/\/oncourage.org\/fr\/wp-json\/wp\/v2\/users\/1"}],"replies":[{"embeddable":true,"href":"https:\/\/oncourage.org\/fr\/wp-json\/wp\/v2\/comments?post=151"}],"version-history":[{"count":20,"href":"https:\/\/oncourage.org\/fr\/wp-json\/wp\/v2\/pages\/151\/revisions"}],"predecessor-version":[{"id":27964,"href":"https:\/\/oncourage.org\/fr\/wp-json\/wp\/v2\/pages\/151\/revisions\/27964"}],"wp:attachment":[{"href":"https:\/\/oncourage.org\/fr\/wp-json\/wp\/v2\/media?parent=151"}],"curies":[{"name":"wp","href":"https:\/\/api.w.org\/{rel}","templated":true}]}}